{"id":18306,"date":"2020-11-18T08:28:49","date_gmt":"2020-11-18T07:28:49","guid":{"rendered":"http:\/\/www.driadedeitrulli.it\/appartamento\/"},"modified":"2025-04-11T13:27:03","modified_gmt":"2025-04-11T11:27:03","slug":"appartamento","status":"publish","type":"page","link":"https:\/\/www.driadedeitrulli.it\/fr\/appartamento\/","title":{"rendered":"Appartement"},"content":{"rendered":"<p>[vc_row][vc_column][rev_slider_vc alias=\u00a0\u00bbbianco\u00a0\u00bb]<div class=\"sohohotel-title3 sohohotel-title-color\"><h4>Description<\/h4><\/div>[vc_column_text]<\/p>\n<h6>Situ\u00e9e au centre de Alberobello, Driade Dei Trulli propose des chambres dot\u00e9es de WiFi gratuit, air conditionn\u00e9, et terrasse d&rsquo;\u00e9t\u00e9. On dispose \u00e9galement d&rsquo;un balcon priv\u00e9 qui donne sur le boulevard principal de la capitale des Trulli.<\/h6>\n<h6>L\u2019appartement pr\u00e9sente une terrasse, vue sur la ville, une chambre \u00e0 coucher, une salle de s\u00e9jour disposant un grand canap\u00e9-lit pour 2, TV \u00e0 \u00e9cran plat, cuisine equip\u00e9e avec four \u00e0 micro-ondes et r\u00e9frig\u00e9rateur, et une salle de bain avec bidet.<\/h6>\n<p>[\/vc_column_text][vc_tta_tabs active_section=\u00a0\u00bb1&Prime;][vc_tta_section title=\u00a0\u00bbServices\u00a0\u00bb tab_id=\u00a0\u00bbservizi087d-07e1&Prime;][vc_column_text]<\/p>\n<table style=\"height: 204px;\" width=\"672\">\n<tbody>\n<tr>\n<td data-title=\"Column 1\"><i class=\"fa fa-wifi\"><\/i>WiFi Gratuit<\/p>\n<ul>\n<li>Gratuit dans tout l&rsquo;appartement<\/li>\n<\/ul>\n<\/td>\n<td data-title=\"Column 1\"><i class=\"fa fa-bed\"><\/i>Lit Matrimonial<\/p>\n<ul>\n<li>Climatisation<\/li>\n<li>Porte-manteaux<\/li>\n<li>Garde-robe<\/li>\n<li>Linge de maison<\/li>\n<li>TV \u00e0 \u00e9cran plat<\/li>\n<\/ul>\n<\/td>\n<td data-title=\"Column 1\"><i class=\"fas fa-utensils\"><\/i>Coin Cuisine<\/p>\n<ul>\n<li>Frigo\/freezer<\/li>\n<li>Cuisini\u00e8re<\/li>\n<li>Four \u00e0 micro-ondes<\/li>\n<li>Produits d&rsquo;entretien<\/li>\n<li>Outils et vaisselle<\/li>\n<\/ul>\n<\/td>\n<\/tr>\n<tr>\n<td data-title=\"Column 1\"><i class=\"fas fa-tv\"><\/i>TV<\/p>\n<ul>\n<li>Dans la salle de s\u00e9jour<\/li>\n<li>Dans la chambre \u00e0 coucher<\/li>\n<\/ul>\n<\/td>\n<td data-title=\"Column 1\"><i class=\"fa fa-bed\"><\/i>Canap\u00e9-lit<\/p>\n<ul>\n<li>Possibilit\u00e9 de chambres communicantes<\/li>\n<li>Canap\u00e9-lit pour 2<\/li>\n<li>Tv \u00e0 \u00e9cran plat<\/li>\n<\/ul>\n<\/td>\n<td data-title=\"Column 1\"><i class=\"fas fa-shower\"><\/i>Salle de bain avec douche<\/p>\n<ul>\n<li>Produits de toilette<\/li>\n<li>Serviettes de bains<\/li>\n<li>S\u00e8che-cheveux<\/li>\n<li>WC et Bidet<\/li>\n<\/ul>\n<\/td>\n<\/tr>\n<tr>\n<td data-title=\"Column 1\"><i class=\"fas fa-temperature-high\"><\/i>Chauffage<\/p>\n<ul>\n<li>Climatisation accessible dans tout l&rsquo;appartement<\/li>\n<\/ul>\n<\/td>\n<td data-title=\"Column 1\"><i class=\"fas fa-broom\"><\/i>Service de m\u00e9nage<\/p>\n<ul>\n<li>M\u00e9nage inclus au d\u00e9but et \u00e0 la fin du s\u00e9jour<\/li>\n<li>M\u00e9nage pendant le sejour disponible en suppl\u00e9ment (sur r\u00e9servation)<\/li>\n<li>Hygi\u00e9nisation des chambres en suivant le protocole contre la propagation du COVID-19<\/li>\n<\/ul>\n<\/td>\n<td data-title=\"Column 1\"><i class=\"fas fa-parking\"><\/i>Parking<\/p>\n<ul>\n<li>Parking gratuit \u00e0 proximit\u00e9 de l&rsquo;appartement (5 min \u00e0 pied)<\/li>\n<li>Parking gard\u00e9 avec service navette inclus (en suppl\u00e9ment et sur r\u00e9servation)<\/li>\n<\/ul>\n<\/td>\n<\/tr>\n<tr>\n<td data-title=\"Column 1\"><i class=\"fab fa-envira\"><\/i>Terrasse d&rsquo;\u00e9t\u00e9 priv\u00e9e<\/p>\n<ul>\n<li>Terrasse \u00e9quip\u00e9e<\/li>\n<li>Vue sur la ville<\/li>\n<\/ul>\n<\/td>\n<td data-title=\"Column 4\"><\/td>\n<td data-title=\"Column 4\"><\/td>\n<\/tr>\n<\/tbody>\n<\/table>\n<p>[\/vc_column_text][\/vc_tta_section][vc_tta_section title=\u00a0\u00bbTarifs\u00a0\u00bb tab_id=\u00a0\u00bbtariffe087d-07e1&Prime;][vc_column_text]<\/p>\n<h1>Basse saison<\/h1>\n<table>\n<tbody>\n<tr>\n<th><\/th>\n<th style=\"text-align: center;\"><\/th>\n<th style=\"text-align: center;\"><\/th>\n<\/tr>\n<tr>\n<td>1 &#8211; 2 PERSONNES<\/td>\n<td style=\"text-align: center;\"><\/td>\n<td style=\"text-align: center;\">70 \u20ac<\/td>\n<\/tr>\n<tr>\n<td>3 PERSONNES<\/td>\n<td style=\"text-align: center;\"><\/td>\n<td style=\"text-align: center;\">95 \u20ac<\/td>\n<\/tr>\n<tr>\n<td>4 PERSONNES<\/td>\n<td style=\"text-align: center;\"><\/td>\n<td style=\"text-align: center;\">120 \u20ac<\/td>\n<\/tr>\n<\/tbody>\n<\/table>\n<p>[\/vc_column_text][vc_column_text]<\/p>\n<h1>Haute saison<\/h1>\n<table>\n<tbody>\n<tr>\n<th><\/th>\n<th style=\"text-align: center;\"><\/th>\n<\/tr>\n<tr>\n<td>1- 2 PERSONNES<\/td>\n<td style=\"text-align: center;\">\u00a0100 \u20ac<\/td>\n<\/tr>\n<tr>\n<td>3 PERSONNES<\/td>\n<td style=\"text-align: center;\">125 \u20ac<\/td>\n<\/tr>\n<tr>\n<td>4 PERSONNES<\/td>\n<td style=\"text-align: center;\">150 \u20ac<\/td>\n<\/tr>\n<\/tbody>\n<\/table>\n<p>[\/vc_column_text][vc_column_text]<\/p>\n<h1>Festivit\u00e9<\/h1>\n<table>\n<tbody>\n<tr>\n<th><\/th>\n<th style=\"text-align: center;\"><\/th>\n<\/tr>\n<tr>\n<td>1-2 PERSONNES<\/td>\n<td style=\"text-align: center;\">90 \u20ac<\/td>\n<\/tr>\n<tr>\n<td>3 PERSONNES<\/td>\n<td style=\"text-align: center;\">115 \u20ac<\/td>\n<\/tr>\n<tr>\n<td>4 PERSONNES<\/td>\n<td style=\"text-align: center;\">140 \u20ac<\/td>\n<\/tr>\n<\/tbody>\n<\/table>\n<p>[\/vc_column_text][\/vc_tta_section][\/vc_tta_tabs][vc_empty_space height=\u00a0\u00bb15px\u00a0\u00bb][\/vc_column][\/vc_row][vc_row][vc_column]<div class=\"sohohotel-title3 sohohotel-title-color\"><h4>Galerie<\/h4><\/div>[vc_gallery type=\u00a0\u00bbimage_grid\u00a0\u00bb images=\u00a0\u00bb17498,17474,17471,17492,17469,17496,17502,17501,17491,17489,17490,17466,17477,19446,17500,17487,17488,17478,17476,17475,17465,17486,19447,19445,17485,17484,17483,17482,17481,17480,17479,17473,17472&Prime;][vc_empty_space height=\u00a0\u00bb60px\u00a0\u00bb][vc_separator color=\u00a0\u00bbcustom\u00a0\u00bb align=\u00a0\u00bbalign_left\u00a0\u00bb el_width=\u00a0\u00bb50&Prime; accent_color=\u00a0\u00bb#0babbe\u00a0\u00bb][vc_raw_html]JTNDZGl2JTIwc3R5bGUlM0QlMjJ3aWR0aCUzQSUyMDEwMCUyNSUzQiUyMHBhZGRpbmclM0ElMjAxNXB4JTNCJTIwbWFyZ2luLWJvdHRvbSUzQSUyMDUwcHglM0IlMjIlM0UlMEElMEElM0NzcGFuJTIwY2xhc3MlM0QlMjJzb2hvaG90ZWwtb3Blbi1xdW90ZSUyMiUyMHN0eWxlJTNEJTIyZm9udC1zaXplJTNBJTIwMTAwcHglM0IlMjBwb3NpdGlvbiUzQSUyMGFic29sdXRlJTNCJTIwbGVmdCUzQSUyMDBweCUzQiUyMiUzRSVFMiU4MCU5QyUzQyUyRnNwYW4lM0UlMEElM0NwJTIwc3R5bGUlM0QlMjJmb250LXdlaWdodCUzQSUyMGJvbGQlM0IlMjB0ZXh0LWFsaWduJTNBJTIwY2VudGVyJTNCZm9udC1zaXplJTNBJTIwMTlweCUzQiUyMiUzRVByaW1hJTIwJTNDc3BhbiUyMHN0eWxlJTNEJTIyY29sb3IlM0ElMjAlMjMwYmFiYmUlM0IlMjIlM0Vzb2dubyUzQyUyRnNwYW4lM0UlMjBpJTIwbWllaSUyMCUzQ3NwYW4lMjBzdHlsZSUzRCUyMmNvbG9yJTNBJTIwJTIzMGJhYmJlJTNCJTIyJTNFZGlwaW50aSUzQyUyRnNwYW4lM0UlMkMlMjBwb2klMjBkaXBpbmdvJTIwaSUyMG1pZWklMjAlM0NzcGFuJTIwc3R5bGUlM0QlMjJjb2xvciUzQSUyMCUyMzBiYWJiZSUzQiUyMiUzRXNvZ25pJTNDJTJGc3BhbiUzRS4lM0NiciUzRSUwQUklMjBkcmVhbSUyMG15JTIwcGFpbnRpbmclMjBhbmQlMjBpJTIwcGFpbnQlMjBteSUyMGRyZWFtLiUzQ2JyJTNFJTBBJTNDc3BhbiUyMHN0eWxlJTNEJTIyZm9udC1zaXplJTNBMTVweCUzQmNvbG9yJTNBJTIzMGJhYmJlJTNCJTIyJTNFVmluY2VudCUyMFZhbiUyMEdvZ2glM0MlMkZzcGFuJTNFJTNDJTJGcCUzRSUwQSUzQ3NwYW4lMjBjbGFzcyUzRCUyMnNvaG9ob3RlbC1jbG9zZS1xdW90ZSUyMiUyMHN0eWxlJTNEJTIyZm9udC1zaXplJTNBJTIwMTAwcHglM0IlMjBwb3NpdGlvbiUzQSUyMGFic29sdXRlJTNCJTIwcmlnaHQlM0ElMjAwcHglM0IlMjIlM0UlRTIlODAlOUMlM0MlMkZzcGFuJTNFJTBBJTBBJTNDJTJGZGl2JTNF[\/vc_raw_html][vc_separator color=\u00a0\u00bbcustom\u00a0\u00bb align=\u00a0\u00bbalign_right\u00a0\u00bb el_width=\u00a0\u00bb50&Prime; accent_color=\u00a0\u00bb#0babbe\u00a0\u00bb][\/vc_column][\/vc_row]<\/p>\n","protected":false},"excerpt":{"rendered":"<p>[vc_row][vc_column][rev_slider_vc alias=\u00a0\u00bbbianco\u00a0\u00bb][vc_column_text] Situ\u00e9e au centre de Alberobello, Driade Dei Trulli propose des chambres dot\u00e9es de WiFi gratuit, air conditionn\u00e9, et terrasse d&rsquo;\u00e9t\u00e9. On dispose \u00e9galement d&rsquo;un balcon priv\u00e9 qui donne sur le boulevard principal de la capitale des Trulli. L\u2019appartement pr\u00e9sente une terrasse, vue sur la ville, une chambre \u00e0 coucher, une salle de s\u00e9jour<\/p>\n<a href=\"https:\/\/www.driadedeitrulli.it\/fr\/appartamento\/\" class=\"sohohotel-more-link\">Read More<i class=\"fa fa-angle-right\"><\/i><\/a>","protected":false},"author":9,"featured_media":0,"parent":0,"menu_order":0,"comment_status":"closed","ping_status":"closed","template":"","meta":{"_joinchat":[],"footnotes":""},"class_list":["post-18306","page","type-page","status-publish","hentry"],"yoast_head":"<!-- This site is optimized with the Yoast SEO plugin v26.4 - https:\/\/yoast.com\/wordpress\/plugins\/seo\/ -->\n<title>Appartement | Driade dei Trulli<\/title>\n<meta name=\"description\" content=\"L\u2019appartement pr\u00e9sente une terrasse, vue sur la ville, une chambre \u00e0 coucher, une salle de s\u00e9jour disposant un grand canap\u00e9-lit pour 2.\" \/>\n<meta name=\"robots\" content=\"index, follow, max-snippet:-1, max-image-preview:large, max-video-preview:-1\" \/>\n<link rel=\"canonical\" href=\"https:\/\/www.driadedeitrulli.it\/fr\/appartamento\/\" \/>\n<meta property=\"og:locale\" content=\"fr_FR\" \/>\n<meta property=\"og:type\" content=\"article\" \/>\n<meta property=\"og:title\" content=\"Appartement | Driade dei Trulli\" \/>\n<meta property=\"og:description\" content=\"L\u2019appartement pr\u00e9sente une terrasse, vue sur la ville, une chambre \u00e0 coucher, une salle de s\u00e9jour disposant un grand canap\u00e9-lit pour 2.\" \/>\n<meta property=\"og:url\" content=\"https:\/\/www.driadedeitrulli.it\/fr\/appartamento\/\" \/>\n<meta property=\"og:site_name\" content=\"Driade dei Trulli\" \/>\n<meta property=\"article:publisher\" content=\"https:\/\/it-it.facebook.com\/insalatamarica\/\" \/>\n<meta property=\"article:modified_time\" content=\"2025-04-11T11:27:03+00:00\" \/>\n<meta name=\"twitter:card\" content=\"summary_large_image\" \/>\n<meta name=\"twitter:label1\" content=\"Dur\u00e9e de lecture estim\u00e9e\" \/>\n\t<meta name=\"twitter:data1\" content=\"2 minutes\" \/>\n<script type=\"application\/ld+json\" class=\"yoast-schema-graph\">{\"@context\":\"https:\/\/schema.org\",\"@graph\":[{\"@type\":\"WebPage\",\"@id\":\"https:\/\/www.driadedeitrulli.it\/fr\/appartamento\/\",\"url\":\"https:\/\/www.driadedeitrulli.it\/fr\/appartamento\/\",\"name\":\"Appartement | Driade dei Trulli\",\"isPartOf\":{\"@id\":\"https:\/\/www.driadedeitrulli.it\/#website\"},\"datePublished\":\"2020-11-18T07:28:49+00:00\",\"dateModified\":\"2025-04-11T11:27:03+00:00\",\"description\":\"L\u2019appartement pr\u00e9sente une terrasse, vue sur la ville, une chambre \u00e0 coucher, une salle de s\u00e9jour disposant un grand canap\u00e9-lit pour 2.\",\"breadcrumb\":{\"@id\":\"https:\/\/www.driadedeitrulli.it\/fr\/appartamento\/#breadcrumb\"},\"inLanguage\":\"fr-FR\",\"potentialAction\":[{\"@type\":\"ReadAction\",\"target\":[\"https:\/\/www.driadedeitrulli.it\/fr\/appartamento\/\"]}]},{\"@type\":\"BreadcrumbList\",\"@id\":\"https:\/\/www.driadedeitrulli.it\/fr\/appartamento\/#breadcrumb\",\"itemListElement\":[{\"@type\":\"ListItem\",\"position\":1,\"name\":\"Home\",\"item\":\"https:\/\/www.driadedeitrulli.it\/fr\/\"},{\"@type\":\"ListItem\",\"position\":2,\"name\":\"Appartement\"}]},{\"@type\":\"WebSite\",\"@id\":\"https:\/\/www.driadedeitrulli.it\/#website\",\"url\":\"https:\/\/www.driadedeitrulli.it\/\",\"name\":\"Driade dei Trulli\",\"description\":\"Guest House in Puglia\",\"publisher\":{\"@id\":\"https:\/\/www.driadedeitrulli.it\/#organization\"},\"potentialAction\":[{\"@type\":\"SearchAction\",\"target\":{\"@type\":\"EntryPoint\",\"urlTemplate\":\"https:\/\/www.driadedeitrulli.it\/?s={search_term_string}\"},\"query-input\":{\"@type\":\"PropertyValueSpecification\",\"valueRequired\":true,\"valueName\":\"search_term_string\"}}],\"inLanguage\":\"fr-FR\"},{\"@type\":\"Organization\",\"@id\":\"https:\/\/www.driadedeitrulli.it\/#organization\",\"name\":\"Driade dei Trulli\",\"url\":\"https:\/\/www.driadedeitrulli.it\/\",\"logo\":{\"@type\":\"ImageObject\",\"inLanguage\":\"fr-FR\",\"@id\":\"https:\/\/www.driadedeitrulli.it\/#\/schema\/logo\/image\/\",\"url\":\"https:\/\/www.driadedeitrulli.it\/wp-content\/uploads\/2020\/10\/logo-vettoriale-driade-edit-edit-e1602492256535.png\",\"contentUrl\":\"https:\/\/www.driadedeitrulli.it\/wp-content\/uploads\/2020\/10\/logo-vettoriale-driade-edit-edit-e1602492256535.png\",\"width\":120,\"height\":120,\"caption\":\"Driade dei Trulli\"},\"image\":{\"@id\":\"https:\/\/www.driadedeitrulli.it\/#\/schema\/logo\/image\/\"},\"sameAs\":[\"https:\/\/it-it.facebook.com\/insalatamarica\/\",\"https:\/\/www.instagram.com\/guesthouse_driadedeitrulli\/\"]}]}<\/script>\n<!-- \/ Yoast SEO plugin. -->","yoast_head_json":{"title":"Appartement | Driade dei Trulli","description":"L\u2019appartement pr\u00e9sente une terrasse, vue sur la ville, une chambre \u00e0 coucher, une salle de s\u00e9jour disposant un grand canap\u00e9-lit pour 2.","robots":{"index":"index","follow":"follow","max-snippet":"max-snippet:-1","max-image-preview":"max-image-preview:large","max-video-preview":"max-video-preview:-1"},"canonical":"https:\/\/www.driadedeitrulli.it\/fr\/appartamento\/","og_locale":"fr_FR","og_type":"article","og_title":"Appartement | Driade dei Trulli","og_description":"L\u2019appartement pr\u00e9sente une terrasse, vue sur la ville, une chambre \u00e0 coucher, une salle de s\u00e9jour disposant un grand canap\u00e9-lit pour 2.","og_url":"https:\/\/www.driadedeitrulli.it\/fr\/appartamento\/","og_site_name":"Driade dei Trulli","article_publisher":"https:\/\/it-it.facebook.com\/insalatamarica\/","article_modified_time":"2025-04-11T11:27:03+00:00","twitter_card":"summary_large_image","twitter_misc":{"Dur\u00e9e de lecture estim\u00e9e":"2 minutes"},"schema":{"@context":"https:\/\/schema.org","@graph":[{"@type":"WebPage","@id":"https:\/\/www.driadedeitrulli.it\/fr\/appartamento\/","url":"https:\/\/www.driadedeitrulli.it\/fr\/appartamento\/","name":"Appartement | Driade dei Trulli","isPartOf":{"@id":"https:\/\/www.driadedeitrulli.it\/#website"},"datePublished":"2020-11-18T07:28:49+00:00","dateModified":"2025-04-11T11:27:03+00:00","description":"L\u2019appartement pr\u00e9sente une terrasse, vue sur la ville, une chambre \u00e0 coucher, une salle de s\u00e9jour disposant un grand canap\u00e9-lit pour 2.","breadcrumb":{"@id":"https:\/\/www.driadedeitrulli.it\/fr\/appartamento\/#breadcrumb"},"inLanguage":"fr-FR","potentialAction":[{"@type":"ReadAction","target":["https:\/\/www.driadedeitrulli.it\/fr\/appartamento\/"]}]},{"@type":"BreadcrumbList","@id":"https:\/\/www.driadedeitrulli.it\/fr\/appartamento\/#breadcrumb","itemListElement":[{"@type":"ListItem","position":1,"name":"Home","item":"https:\/\/www.driadedeitrulli.it\/fr\/"},{"@type":"ListItem","position":2,"name":"Appartement"}]},{"@type":"WebSite","@id":"https:\/\/www.driadedeitrulli.it\/#website","url":"https:\/\/www.driadedeitrulli.it\/","name":"Driade dei Trulli","description":"Guest House in Puglia","publisher":{"@id":"https:\/\/www.driadedeitrulli.it\/#organization"},"potentialAction":[{"@type":"SearchAction","target":{"@type":"EntryPoint","urlTemplate":"https:\/\/www.driadedeitrulli.it\/?s={search_term_string}"},"query-input":{"@type":"PropertyValueSpecification","valueRequired":true,"valueName":"search_term_string"}}],"inLanguage":"fr-FR"},{"@type":"Organization","@id":"https:\/\/www.driadedeitrulli.it\/#organization","name":"Driade dei Trulli","url":"https:\/\/www.driadedeitrulli.it\/","logo":{"@type":"ImageObject","inLanguage":"fr-FR","@id":"https:\/\/www.driadedeitrulli.it\/#\/schema\/logo\/image\/","url":"https:\/\/www.driadedeitrulli.it\/wp-content\/uploads\/2020\/10\/logo-vettoriale-driade-edit-edit-e1602492256535.png","contentUrl":"https:\/\/www.driadedeitrulli.it\/wp-content\/uploads\/2020\/10\/logo-vettoriale-driade-edit-edit-e1602492256535.png","width":120,"height":120,"caption":"Driade dei Trulli"},"image":{"@id":"https:\/\/www.driadedeitrulli.it\/#\/schema\/logo\/image\/"},"sameAs":["https:\/\/it-it.facebook.com\/insalatamarica\/","https:\/\/www.instagram.com\/guesthouse_driadedeitrulli\/"]}]}},"_links":{"self":[{"href":"https:\/\/www.driadedeitrulli.it\/fr\/wp-json\/wp\/v2\/pages\/18306","targetHints":{"allow":["GET"]}}],"collection":[{"href":"https:\/\/www.driadedeitrulli.it\/fr\/wp-json\/wp\/v2\/pages"}],"about":[{"href":"https:\/\/www.driadedeitrulli.it\/fr\/wp-json\/wp\/v2\/types\/page"}],"author":[{"embeddable":true,"href":"https:\/\/www.driadedeitrulli.it\/fr\/wp-json\/wp\/v2\/users\/9"}],"replies":[{"embeddable":true,"href":"https:\/\/www.driadedeitrulli.it\/fr\/wp-json\/wp\/v2\/comments?post=18306"}],"version-history":[{"count":19,"href":"https:\/\/www.driadedeitrulli.it\/fr\/wp-json\/wp\/v2\/pages\/18306\/revisions"}],"predecessor-version":[{"id":19452,"href":"https:\/\/www.driadedeitrulli.it\/fr\/wp-json\/wp\/v2\/pages\/18306\/revisions\/19452"}],"wp:attachment":[{"href":"https:\/\/www.driadedeitrulli.it\/fr\/wp-json\/wp\/v2\/media?parent=18306"}],"curies":[{"name":"wp","href":"https:\/\/api.w.org\/{rel}","templated":true}]}}