{"id":18317,"date":"2018-09-22T09:12:15","date_gmt":"2018-09-22T09:12:15","guid":{"rendered":"http:\/\/www.driadedeitrulli.it\/contattaci\/"},"modified":"2022-05-16T11:26:28","modified_gmt":"2022-05-16T09:26:28","slug":"contattaci","status":"publish","type":"page","link":"https:\/\/www.driadedeitrulli.it\/fr\/contattaci\/","title":{"rendered":"Contactez-nous"},"content":{"rendered":"<p>[vc_row][vc_column width=\u00a0\u00bb1\/2&Prime;]\n<div class=\"wpcf7 no-js\" id=\"wpcf7-f18325-o1\" lang=\"en-US\" dir=\"ltr\" data-wpcf7-id=\"18325\">\n<div class=\"screen-reader-response\"><p role=\"status\" aria-live=\"polite\" aria-atomic=\"true\"><\/p> <ul><\/ul><\/div>\n<form action=\"\/fr\/wp-json\/wp\/v2\/pages\/18317#wpcf7-f18325-o1\" method=\"post\" class=\"wpcf7-form init\" aria-label=\"Contact form\" novalidate=\"novalidate\" data-status=\"init\">\n<fieldset class=\"hidden-fields-container\"><input type=\"hidden\" name=\"_wpcf7\" value=\"18325\" \/><input type=\"hidden\" name=\"_wpcf7_version\" value=\"6.1.4\" \/><input type=\"hidden\" name=\"_wpcf7_locale\" value=\"en_US\" \/><input type=\"hidden\" name=\"_wpcf7_unit_tag\" value=\"wpcf7-f18325-o1\" \/><input type=\"hidden\" name=\"_wpcf7_container_post\" value=\"0\" \/><input type=\"hidden\" name=\"_wpcf7_posted_data_hash\" value=\"\" \/><input type=\"hidden\" name=\"_wpcf7_recaptcha_response\" value=\"\" \/>\n<\/fieldset>\n<p><label>Pr\u00e9nom <span>*<\/span><\/label><span class=\"wpcf7-form-control-wrap\" data-name=\"nome\"><input size=\"40\" maxlength=\"400\" class=\"wpcf7-form-control wpcf7-text wpcf7-validates-as-required\" aria-required=\"true\" aria-invalid=\"false\" value=\"\" type=\"text\" name=\"nome\" \/><\/span><label>Email <span>*<\/span><\/label><span class=\"wpcf7-form-control-wrap\" data-name=\"email\"><input size=\"40\" maxlength=\"400\" class=\"wpcf7-form-control wpcf7-email wpcf7-validates-as-required wpcf7-text wpcf7-validates-as-email\" aria-required=\"true\" aria-invalid=\"false\" value=\"\" type=\"email\" name=\"email\" \/><\/span><label>Objet <span>*<\/span><\/label><span class=\"wpcf7-form-control-wrap\" data-name=\"oggetto\"><input size=\"40\" maxlength=\"400\" class=\"wpcf7-form-control wpcf7-text\" aria-invalid=\"false\" value=\"\" type=\"text\" name=\"oggetto\" \/><\/span><label>Message <span>*<\/span><\/label><span class=\"wpcf7-form-control-wrap\" data-name=\"messaggio\"><textarea cols=\"40\" rows=\"10\" maxlength=\"2000\" class=\"wpcf7-form-control wpcf7-textarea wpcf7-validates-as-required sohohotel-cf7-form2\" aria-required=\"true\" aria-invalid=\"false\" name=\"messaggio\"><\/textarea><\/span><span class=\"wpcf7-form-control-wrap\" data-name=\"accettazione\"><span class=\"wpcf7-form-control wpcf7-acceptance\"><span class=\"wpcf7-list-item\"><label><input type=\"checkbox\" name=\"accettazione\" value=\"1\" aria-invalid=\"false\" \/><span class=\"wpcf7-list-item-label\">Je d\u00e9clare avoir lu la politique de confidentialit\u00e9 conform\u00e9ment au r\u00e8glement UE n \u00b0 679\/2016 (G.D.P.R.) et j'accepte le traitement des donn\u00e9es personnelles.<\/span><\/label><\/span><\/span><\/span><input class=\"wpcf7-form-control wpcf7-submit has-spinner\" type=\"submit\" value=\"Envoyez\" \/>\n<\/p><div class=\"wpcf7-response-output\" aria-hidden=\"true\"><\/div>\n<\/form>\n<\/div>\n[\/vc_column][vc_column width=\u00a0\u00bb1\/2&Prime;][vc_raw_html]JTNDaWZyYW1lJTIwc3JjJTNEJTIyaHR0cHMlM0ElMkYlMkZ3d3cuZ29vZ2xlLmNvbSUyRm1hcHMlMkZlbWJlZCUzRnBiJTNEJTIxMW0xOCUyMTFtMTIlMjExbTMlMjExZDMwMjAuOTI5OTIxMDI3NDYxJTIxMmQxNy4yMzQxMzk0MTUyNjk4MTIlMjEzZDQwLjc4NTU1NDc3OTMyMzg3JTIxMm0zJTIxMWYwJTIxMmYwJTIxM2YwJTIxM20yJTIxMWkxMDI0JTIxMmk3NjglMjE0ZjEzLjElMjEzbTMlMjExbTIlMjExczB4MTM0N2IyNjQ2ZDgxOGRkZiUyNTNBMHhhNjg2MDIxMTA5NGI2ZDZkJTIxMnNEcmlhZGUlMjUyMGRlaSUyNTIwVHJ1bGxpJTIxNWUwJTIxM20yJTIxMXNpdCUyMTJzaXQlMjE0djE1OTM0MTQxNTA4NDYlMjE1bTIlMjExc2l0JTIxMnNpdCUyMiUyMHdpZHRoJTNEJTIyNjAwJTIyJTIwaGVpZ2h0JTNEJTIyNDUwJTIyJTIwZnJhbWVib3JkZXIlM0QlMjIwJTIyJTIwc3R5bGUlM0QlMjJib3JkZXIlM0EwJTNCJTIyJTIwYWxsb3dmdWxsc2NyZWVuJTNEJTIyJTIyJTIwYXJpYS1oaWRkZW4lM0QlMjJmYWxzZSUyMiUyMHRhYmluZGV4JTNEJTIyMCUyMiUzRSUzQyUyRmlmcmFtZSUzRQ==[\/vc_raw_html]<ul class=\"sohohotel-contact-details-list\"><li class=\"sohohotel-address clearfix\">Via Nazario Sauro, 2, 70011 Alberobello, Italia<\/li><li class=\"sohohotel-phone clearfix\">+39 349 0809553<\/li><li class=\"sohohotel-email clearfix\"><a href=\"mailto:info@driadedeitrulli.it\">info@driadedeitrulli.it<\/a><\/li><\/ul><div class=\"sohohotel-title3 sohohotel-title-color\"><h4>Social<\/h4><\/div><ul class=\"sohohotel-social-links sohohotel-clearfix\"><li><a href=\"https:\/\/www.facebook.com\/insalatamarica\/\" target=\"_blank\"><i class=\"fa fa-facebook\"><\/i><\/a><\/li><li><a href=\"https:\/\/www.instagram.com\/guesthouse_driadedeitrulli\/\" target=\"_blank\"><i class=\"fa fa-instagram\"><\/i><\/a><\/li><li><a href=\"https:\/\/www.tripadvisor.it\/VacationRentalReview-g580227-d10493988-Driade_dei_Trulli-Alberobello_Province_of_Bari_Puglia.html\" target=\"_blank\"><i class=\"fa fa-tripadvisor\"><\/i><\/a><\/li><\/ul>[\/vc_column][\/vc_row][vc_row][vc_column][vc_empty_space height=\u00a0\u00bb62px\u00a0\u00bb][\/vc_column][\/vc_row][vc_row][vc_column][\/vc_column][\/vc_row]<\/p>\n","protected":false},"excerpt":{"rendered":"<p>[vc_row][vc_column width=\u00a0\u00bb1\/2&Prime;][\/vc_column][vc_column width=\u00a0\u00bb1\/2&Prime;][vc_raw_html]JTNDaWZyYW1lJTIwc3JjJTNEJTIyaHR0cHMlM0ElMkYlMkZ3d3cuZ29vZ2xlLmNvbSUyRm1hcHMlMkZlbWJlZCUzRnBiJTNEJTIxMW0xOCUyMTFtMTIlMjExbTMlMjExZDMwMjAuOTI5OTIxMDI3NDYxJTIxMmQxNy4yMzQxMzk0MTUyNjk4MTIlMjEzZDQwLjc4NTU1NDc3OTMyMzg3JTIxMm0zJTIxMWYwJTIxMmYwJTIxM2YwJTIxM20yJTIxMWkxMDI0JTIxMmk3NjglMjE0ZjEzLjElMjEzbTMlMjExbTIlMjExczB4MTM0N2IyNjQ2ZDgxOGRkZiUyNTNBMHhhNjg2MDIxMTA5NGI2ZDZkJTIxMnNEcmlhZGUlMjUyMGRlaSUyNTIwVHJ1bGxpJTIxNWUwJTIxM20yJTIxMXNpdCUyMTJzaXQlMjE0djE1OTM0MTQxNTA4NDYlMjE1bTIlMjExc2l0JTIxMnNpdCUyMiUyMHdpZHRoJTNEJTIyNjAwJTIyJTIwaGVpZ2h0JTNEJTIyNDUwJTIyJTIwZnJhbWVib3JkZXIlM0QlMjIwJTIyJTIwc3R5bGUlM0QlMjJib3JkZXIlM0EwJTNCJTIyJTIwYWxsb3dmdWxsc2NyZWVuJTNEJTIyJTIyJTIwYXJpYS1oaWRkZW4lM0QlMjJmYWxzZSUyMiUyMHRhYmluZGV4JTNEJTIyMCUyMiUzRSUzQyUyRmlmcmFtZSUzRQ==[\/vc_raw_html][\/vc_column][\/vc_row][vc_row][vc_column][vc_empty_space height=\u00a0\u00bb62px\u00a0\u00bb][\/vc_column][\/vc_row][vc_row][vc_column][\/vc_column][\/vc_row]<\/p>\n<a href=\"https:\/\/www.driadedeitrulli.it\/fr\/contattaci\/\" class=\"sohohotel-more-link\">Read More<i class=\"fa fa-angle-right\"><\/i><\/a>","protected":false},"author":1,"featured_media":0,"parent":0,"menu_order":0,"comment_status":"closed","ping_status":"closed","template":"","meta":{"_joinchat":[],"footnotes":""},"class_list":["post-18317","page","type-page","status-publish","hentry"],"yoast_head":"<!-- This site is optimized with the Yoast SEO plugin v26.4 - https:\/\/yoast.com\/wordpress\/plugins\/seo\/ -->\n<title>Demander de l&#039;aide | Driade dei Trulli<\/title>\n<meta name=\"description\" content=\"Demander de l&#039;aide: vous pouvez en faire la demande en remplissant un formulaire ou contactant via t\u00e9l\u00e9phoniques. Nous sommes \u00e0 votre enti\u00e8re disposition.\" \/>\n<meta name=\"robots\" content=\"index, follow, max-snippet:-1, max-image-preview:large, max-video-preview:-1\" \/>\n<link rel=\"canonical\" href=\"https:\/\/www.driadedeitrulli.it\/contattaci\/\" \/>\n<meta property=\"og:locale\" content=\"fr_FR\" \/>\n<meta property=\"og:type\" content=\"article\" \/>\n<meta property=\"og:title\" content=\"Demander de l&#039;aide | Driade dei Trulli\" \/>\n<meta property=\"og:description\" content=\"Demander de l&#039;aide: vous pouvez en faire la demande en remplissant un formulaire ou contactant via t\u00e9l\u00e9phoniques. Nous sommes \u00e0 votre enti\u00e8re disposition.\" \/>\n<meta property=\"og:url\" content=\"https:\/\/www.driadedeitrulli.it\/contattaci\/\" \/>\n<meta property=\"og:site_name\" content=\"Driade dei Trulli\" \/>\n<meta property=\"article:publisher\" content=\"https:\/\/it-it.facebook.com\/insalatamarica\/\" \/>\n<meta property=\"article:modified_time\" content=\"2022-05-16T09:26:28+00:00\" \/>\n<meta name=\"twitter:card\" content=\"summary_large_image\" \/>\n<meta name=\"twitter:label1\" content=\"Dur\u00e9e de lecture estim\u00e9e\" \/>\n\t<meta name=\"twitter:data1\" content=\"1 minute\" \/>\n<script type=\"application\/ld+json\" class=\"yoast-schema-graph\">{\"@context\":\"https:\/\/schema.org\",\"@graph\":[{\"@type\":\"WebPage\",\"@id\":\"https:\/\/www.driadedeitrulli.it\/contattaci\/\",\"url\":\"https:\/\/www.driadedeitrulli.it\/contattaci\/\",\"name\":\"Demander de l'aide | Driade dei Trulli\",\"isPartOf\":{\"@id\":\"https:\/\/www.driadedeitrulli.it\/#website\"},\"datePublished\":\"2018-09-22T09:12:15+00:00\",\"dateModified\":\"2022-05-16T09:26:28+00:00\",\"description\":\"Demander de l'aide: vous pouvez en faire la demande en remplissant un formulaire ou contactant via t\u00e9l\u00e9phoniques. Nous sommes \u00e0 votre enti\u00e8re disposition.\",\"breadcrumb\":{\"@id\":\"https:\/\/www.driadedeitrulli.it\/contattaci\/#breadcrumb\"},\"inLanguage\":\"fr-FR\",\"potentialAction\":[{\"@type\":\"ReadAction\",\"target\":[\"https:\/\/www.driadedeitrulli.it\/contattaci\/\"]}]},{\"@type\":\"BreadcrumbList\",\"@id\":\"https:\/\/www.driadedeitrulli.it\/contattaci\/#breadcrumb\",\"itemListElement\":[{\"@type\":\"ListItem\",\"position\":1,\"name\":\"Home\",\"item\":\"https:\/\/www.driadedeitrulli.it\/fr\/\"},{\"@type\":\"ListItem\",\"position\":2,\"name\":\"Contactez-nous\"}]},{\"@type\":\"WebSite\",\"@id\":\"https:\/\/www.driadedeitrulli.it\/#website\",\"url\":\"https:\/\/www.driadedeitrulli.it\/\",\"name\":\"Driade dei Trulli\",\"description\":\"Guest House in Puglia\",\"publisher\":{\"@id\":\"https:\/\/www.driadedeitrulli.it\/#organization\"},\"potentialAction\":[{\"@type\":\"SearchAction\",\"target\":{\"@type\":\"EntryPoint\",\"urlTemplate\":\"https:\/\/www.driadedeitrulli.it\/?s={search_term_string}\"},\"query-input\":{\"@type\":\"PropertyValueSpecification\",\"valueRequired\":true,\"valueName\":\"search_term_string\"}}],\"inLanguage\":\"fr-FR\"},{\"@type\":\"Organization\",\"@id\":\"https:\/\/www.driadedeitrulli.it\/#organization\",\"name\":\"Driade dei Trulli\",\"url\":\"https:\/\/www.driadedeitrulli.it\/\",\"logo\":{\"@type\":\"ImageObject\",\"inLanguage\":\"fr-FR\",\"@id\":\"https:\/\/www.driadedeitrulli.it\/#\/schema\/logo\/image\/\",\"url\":\"https:\/\/www.driadedeitrulli.it\/wp-content\/uploads\/2020\/10\/logo-vettoriale-driade-edit-edit-e1602492256535.png\",\"contentUrl\":\"https:\/\/www.driadedeitrulli.it\/wp-content\/uploads\/2020\/10\/logo-vettoriale-driade-edit-edit-e1602492256535.png\",\"width\":120,\"height\":120,\"caption\":\"Driade dei Trulli\"},\"image\":{\"@id\":\"https:\/\/www.driadedeitrulli.it\/#\/schema\/logo\/image\/\"},\"sameAs\":[\"https:\/\/it-it.facebook.com\/insalatamarica\/\",\"https:\/\/www.instagram.com\/guesthouse_driadedeitrulli\/\"]}]}<\/script>\n<!-- \/ Yoast SEO plugin. -->","yoast_head_json":{"title":"Demander de l'aide | Driade dei Trulli","description":"Demander de l'aide: vous pouvez en faire la demande en remplissant un formulaire ou contactant via t\u00e9l\u00e9phoniques. Nous sommes \u00e0 votre enti\u00e8re disposition.","robots":{"index":"index","follow":"follow","max-snippet":"max-snippet:-1","max-image-preview":"max-image-preview:large","max-video-preview":"max-video-preview:-1"},"canonical":"https:\/\/www.driadedeitrulli.it\/contattaci\/","og_locale":"fr_FR","og_type":"article","og_title":"Demander de l'aide | Driade dei Trulli","og_description":"Demander de l'aide: vous pouvez en faire la demande en remplissant un formulaire ou contactant via t\u00e9l\u00e9phoniques. Nous sommes \u00e0 votre enti\u00e8re disposition.","og_url":"https:\/\/www.driadedeitrulli.it\/contattaci\/","og_site_name":"Driade dei Trulli","article_publisher":"https:\/\/it-it.facebook.com\/insalatamarica\/","article_modified_time":"2022-05-16T09:26:28+00:00","twitter_card":"summary_large_image","twitter_misc":{"Dur\u00e9e de lecture estim\u00e9e":"1 minute"},"schema":{"@context":"https:\/\/schema.org","@graph":[{"@type":"WebPage","@id":"https:\/\/www.driadedeitrulli.it\/contattaci\/","url":"https:\/\/www.driadedeitrulli.it\/contattaci\/","name":"Demander de l'aide | Driade dei Trulli","isPartOf":{"@id":"https:\/\/www.driadedeitrulli.it\/#website"},"datePublished":"2018-09-22T09:12:15+00:00","dateModified":"2022-05-16T09:26:28+00:00","description":"Demander de l'aide: vous pouvez en faire la demande en remplissant un formulaire ou contactant via t\u00e9l\u00e9phoniques. Nous sommes \u00e0 votre enti\u00e8re disposition.","breadcrumb":{"@id":"https:\/\/www.driadedeitrulli.it\/contattaci\/#breadcrumb"},"inLanguage":"fr-FR","potentialAction":[{"@type":"ReadAction","target":["https:\/\/www.driadedeitrulli.it\/contattaci\/"]}]},{"@type":"BreadcrumbList","@id":"https:\/\/www.driadedeitrulli.it\/contattaci\/#breadcrumb","itemListElement":[{"@type":"ListItem","position":1,"name":"Home","item":"https:\/\/www.driadedeitrulli.it\/fr\/"},{"@type":"ListItem","position":2,"name":"Contactez-nous"}]},{"@type":"WebSite","@id":"https:\/\/www.driadedeitrulli.it\/#website","url":"https:\/\/www.driadedeitrulli.it\/","name":"Driade dei Trulli","description":"Guest House in Puglia","publisher":{"@id":"https:\/\/www.driadedeitrulli.it\/#organization"},"potentialAction":[{"@type":"SearchAction","target":{"@type":"EntryPoint","urlTemplate":"https:\/\/www.driadedeitrulli.it\/?s={search_term_string}"},"query-input":{"@type":"PropertyValueSpecification","valueRequired":true,"valueName":"search_term_string"}}],"inLanguage":"fr-FR"},{"@type":"Organization","@id":"https:\/\/www.driadedeitrulli.it\/#organization","name":"Driade dei Trulli","url":"https:\/\/www.driadedeitrulli.it\/","logo":{"@type":"ImageObject","inLanguage":"fr-FR","@id":"https:\/\/www.driadedeitrulli.it\/#\/schema\/logo\/image\/","url":"https:\/\/www.driadedeitrulli.it\/wp-content\/uploads\/2020\/10\/logo-vettoriale-driade-edit-edit-e1602492256535.png","contentUrl":"https:\/\/www.driadedeitrulli.it\/wp-content\/uploads\/2020\/10\/logo-vettoriale-driade-edit-edit-e1602492256535.png","width":120,"height":120,"caption":"Driade dei Trulli"},"image":{"@id":"https:\/\/www.driadedeitrulli.it\/#\/schema\/logo\/image\/"},"sameAs":["https:\/\/it-it.facebook.com\/insalatamarica\/","https:\/\/www.instagram.com\/guesthouse_driadedeitrulli\/"]}]}},"_links":{"self":[{"href":"https:\/\/www.driadedeitrulli.it\/fr\/wp-json\/wp\/v2\/pages\/18317","targetHints":{"allow":["GET"]}}],"collection":[{"href":"https:\/\/www.driadedeitrulli.it\/fr\/wp-json\/wp\/v2\/pages"}],"about":[{"href":"https:\/\/www.driadedeitrulli.it\/fr\/wp-json\/wp\/v2\/types\/page"}],"author":[{"embeddable":true,"href":"https:\/\/www.driadedeitrulli.it\/fr\/wp-json\/wp\/v2\/users\/1"}],"replies":[{"embeddable":true,"href":"https:\/\/www.driadedeitrulli.it\/fr\/wp-json\/wp\/v2\/comments?post=18317"}],"version-history":[{"count":4,"href":"https:\/\/www.driadedeitrulli.it\/fr\/wp-json\/wp\/v2\/pages\/18317\/revisions"}],"predecessor-version":[{"id":18441,"href":"https:\/\/www.driadedeitrulli.it\/fr\/wp-json\/wp\/v2\/pages\/18317\/revisions\/18441"}],"wp:attachment":[{"href":"https:\/\/www.driadedeitrulli.it\/fr\/wp-json\/wp\/v2\/media?parent=18317"}],"curies":[{"name":"wp","href":"https:\/\/api.w.org\/{rel}","templated":true}]}}