{"id":18479,"date":"2019-08-07T17:54:32","date_gmt":"2019-08-07T15:54:32","guid":{"rendered":"https:\/\/www.driadedeitrulli.it\/dove-siamo\/"},"modified":"2022-05-16T11:23:43","modified_gmt":"2022-05-16T09:23:43","slug":"savoir-ou-nous-trouver","status":"publish","type":"page","link":"https:\/\/www.driadedeitrulli.it\/fr\/savoir-ou-nous-trouver\/","title":{"rendered":"O\u00f9 sommes-nous"},"content":{"rendered":"<p>[vc_row][vc_column width=\u00a0\u00bb1\/3&Prime;][vc_column_text]<\/p>\n<p style=\"font-size: 16px;\"><span lang=\"fr\"><a href=\"\/fr\/appartamento\">L&rsquo;appartement<\/a> donne sur <strong>Corso Vittorio Emanuele<\/strong>, le boulevard principal de Alberobello, riche en boutiques, bars et restaurants.\u00a0<\/span><\/p>\n<p style=\"font-size: 16px;\">Situ\u00e9e \u00e0 100 m du <strong>Trullo Souvrain<\/strong> et de la <a href=\"https:\/\/www.alberobello.com\/en\/visit-alberobello\/town-center\/saint-cosma-and-damian-church\" target=\"_blank\" rel=\"noopener noreferrer\"><strong>Basilique des Saints C\u00f4me et Damien<\/strong><\/a>, et seulement \u00e0 400 m de l&rsquo;ancien bourg, <strong>Driade dei Trulli<\/strong> <span lang=\"fr\">na\u00eet pour vous. <\/span><\/p>\n<p>[\/vc_column_text][\/vc_column][vc_column width=\u00a0\u00bb2\/3&Prime; el_id=\u00a0\u00bbriga-mappa-edit\u00a0\u00bb][vc_raw_html]JTNDaWZyYW1lJTIwc3R5bGUlM0QlMjJtYXgtd2lkdGglM0ExMDAlMjUlM0IlMjIlMjBzcmMlM0QlMjJodHRwcyUzQSUyRiUyRnd3dy5nb29nbGUuY29tJTJGbWFwcyUyRmVtYmVkJTNGcGIlM0QlMjExbTE4JTIxMW0xMiUyMTFtMyUyMTFkMzAyMC45Mjk5MjEwMjc0NjElMjEyZDE3LjIzNDEzOTQxNTI2OTgxMiUyMTNkNDAuNzg1NTU0Nzc5MzIzODclMjEybTMlMjExZjAlMjEyZjAlMjEzZjAlMjEzbTIlMjExaTEwMjQlMjEyaTc2OCUyMTRmMTMuMSUyMTNtMyUyMTFtMiUyMTFzMHgxMzQ3YjI2NDZkODE4ZGRmJTI1M0EweGE2ODYwMjExMDk0YjZkNmQlMjEyc0RyaWFkZSUyNTIwZGVpJTI1MjBUcnVsbGklMjE1ZTAlMjEzbTIlMjExc2l0JTIxMnNpdCUyMTR2MTU5MzQxNDE1MDg0NiUyMTVtMiUyMTFzaXQlMjEyc2l0JTIyJTIwd2lkdGglM0QlMjI2MDAlMjIlMjBoZWlnaHQlM0QlMjI0NTAlMjIlMjBmcmFtZWJvcmRlciUzRCUyMjAlMjIlMjBzdHlsZSUzRCUyMmJvcmRlciUzQTAlM0IlMjIlMjBhbGxvd2Z1bGxzY3JlZW4lM0QlMjIlMjIlMjBhcmlhLWhpZGRlbiUzRCUyMmZhbHNlJTIyJTIwdGFiaW5kZXglM0QlMjIwJTIyJTNFJTNDJTJGaWZyYW1lJTNF[\/vc_raw_html][\/vc_column][\/vc_row]<\/p>\n","protected":false},"excerpt":{"rendered":"<p>[vc_row][vc_column width=\u00a0\u00bb1\/3&Prime;][vc_column_text] L&rsquo;appartement donne sur Corso Vittorio Emanuele, le boulevard principal de Alberobello, riche en boutiques, bars et restaurants.\u00a0 Situ\u00e9e \u00e0 100 m du Trullo Souvrain et de la Basilique des Saints C\u00f4me et Damien, et seulement \u00e0 400 m de l&rsquo;ancien bourg, Driade dei Trulli na\u00eet pour vous. [\/vc_column_text][\/vc_column][vc_column width=\u00a0\u00bb2\/3&Prime; el_id=\u00a0\u00bbriga-mappa-edit\u00a0\u00bb][vc_raw_html]JTNDaWZyYW1lJTIwc3R5bGUlM0QlMjJtYXgtd2lkdGglM0ExMDAlMjUlM0IlMjIlMjBzcmMlM0QlMjJodHRwcyUzQSUyRiUyRnd3dy5nb29nbGUuY29tJTJGbWFwcyUyRmVtYmVkJTNGcGIlM0QlMjExbTE4JTIxMW0xMiUyMTFtMyUyMTFkMzAyMC45Mjk5MjEwMjc0NjElMjEyZDE3LjIzNDEzOTQxNTI2OTgxMiUyMTNkNDAuNzg1NTU0Nzc5MzIzODclMjEybTMlMjExZjAlMjEyZjAlMjEzZjAlMjEzbTIlMjExaTEwMjQlMjEyaTc2OCUyMTRmMTMuMSUyMTNtMyUyMTFtMiUyMTFzMHgxMzQ3YjI2NDZkODE4ZGRmJTI1M0EweGE2ODYwMjExMDk0YjZkNmQlMjEyc0RyaWFkZSUyNTIwZGVpJTI1MjBUcnVsbGklMjE1ZTAlMjEzbTIlMjExc2l0JTIxMnNpdCUyMTR2MTU5MzQxNDE1MDg0NiUyMTVtMiUyMTFzaXQlMjEyc2l0JTIyJTIwd2lkdGglM0QlMjI2MDAlMjIlMjBoZWlnaHQlM0QlMjI0NTAlMjIlMjBmcmFtZWJvcmRlciUzRCUyMjAlMjIlMjBzdHlsZSUzRCUyMmJvcmRlciUzQTAlM0IlMjIlMjBhbGxvd2Z1bGxzY3JlZW4lM0QlMjIlMjIlMjBhcmlhLWhpZGRlbiUzRCUyMmZhbHNlJTIyJTIwdGFiaW5kZXglM0QlMjIwJTIyJTNFJTNDJTJGaWZyYW1lJTNF[\/vc_raw_html][\/vc_column][\/vc_row]<\/p>\n<a href=\"https:\/\/www.driadedeitrulli.it\/fr\/savoir-ou-nous-trouver\/\" class=\"sohohotel-more-link\">Read More<i class=\"fa fa-angle-right\"><\/i><\/a>","protected":false},"author":1,"featured_media":0,"parent":0,"menu_order":0,"comment_status":"closed","ping_status":"closed","template":"","meta":{"_joinchat":[],"footnotes":""},"class_list":["post-18479","page","type-page","status-publish","hentry"],"yoast_head":"<!-- This site is optimized with the Yoast SEO plugin v26.4 - https:\/\/yoast.com\/wordpress\/plugins\/seo\/ -->\n<title>Savoir o\u00f9 nous trouver| Driade dei Trulli<\/title>\n<meta name=\"description\" content=\"Savoir o\u00f9 nous trouver: l\u2019appartement donne sur Corso Vittorio Emanuele, le boulevard principal de Alberobello, riche en boutiques, bars et restaurants.\" \/>\n<meta name=\"robots\" content=\"index, follow, max-snippet:-1, max-image-preview:large, max-video-preview:-1\" \/>\n<link rel=\"canonical\" href=\"https:\/\/www.driadedeitrulli.it\/scopri-dove-trovarci\/\" \/>\n<meta property=\"og:locale\" content=\"fr_FR\" \/>\n<meta property=\"og:type\" content=\"article\" \/>\n<meta property=\"og:title\" content=\"Savoir o\u00f9 nous trouver| Driade dei Trulli\" \/>\n<meta property=\"og:description\" content=\"Savoir o\u00f9 nous trouver: l\u2019appartement donne sur Corso Vittorio Emanuele, le boulevard principal de Alberobello, riche en boutiques, bars et restaurants.\" \/>\n<meta property=\"og:url\" content=\"https:\/\/www.driadedeitrulli.it\/scopri-dove-trovarci\/\" \/>\n<meta property=\"og:site_name\" content=\"Driade dei Trulli\" \/>\n<meta property=\"article:publisher\" content=\"https:\/\/it-it.facebook.com\/insalatamarica\/\" \/>\n<meta property=\"article:modified_time\" content=\"2022-05-16T09:23:43+00:00\" \/>\n<meta name=\"twitter:card\" content=\"summary_large_image\" \/>\n<meta name=\"twitter:label1\" content=\"Dur\u00e9e de lecture estim\u00e9e\" \/>\n\t<meta name=\"twitter:data1\" content=\"1 minute\" \/>\n<script type=\"application\/ld+json\" class=\"yoast-schema-graph\">{\"@context\":\"https:\/\/schema.org\",\"@graph\":[{\"@type\":\"WebPage\",\"@id\":\"https:\/\/www.driadedeitrulli.it\/scopri-dove-trovarci\/\",\"url\":\"https:\/\/www.driadedeitrulli.it\/scopri-dove-trovarci\/\",\"name\":\"Savoir o\u00f9 nous trouver| Driade dei Trulli\",\"isPartOf\":{\"@id\":\"https:\/\/www.driadedeitrulli.it\/#website\"},\"datePublished\":\"2019-08-07T15:54:32+00:00\",\"dateModified\":\"2022-05-16T09:23:43+00:00\",\"description\":\"Savoir o\u00f9 nous trouver: l\u2019appartement donne sur Corso Vittorio Emanuele, le boulevard principal de Alberobello, riche en boutiques, bars et restaurants.\",\"breadcrumb\":{\"@id\":\"https:\/\/www.driadedeitrulli.it\/scopri-dove-trovarci\/#breadcrumb\"},\"inLanguage\":\"fr-FR\",\"potentialAction\":[{\"@type\":\"ReadAction\",\"target\":[\"https:\/\/www.driadedeitrulli.it\/scopri-dove-trovarci\/\"]}]},{\"@type\":\"BreadcrumbList\",\"@id\":\"https:\/\/www.driadedeitrulli.it\/scopri-dove-trovarci\/#breadcrumb\",\"itemListElement\":[{\"@type\":\"ListItem\",\"position\":1,\"name\":\"Home\",\"item\":\"https:\/\/www.driadedeitrulli.it\/fr\/\"},{\"@type\":\"ListItem\",\"position\":2,\"name\":\"O\u00f9 sommes-nous\"}]},{\"@type\":\"WebSite\",\"@id\":\"https:\/\/www.driadedeitrulli.it\/#website\",\"url\":\"https:\/\/www.driadedeitrulli.it\/\",\"name\":\"Driade dei Trulli\",\"description\":\"Guest House in Puglia\",\"publisher\":{\"@id\":\"https:\/\/www.driadedeitrulli.it\/#organization\"},\"potentialAction\":[{\"@type\":\"SearchAction\",\"target\":{\"@type\":\"EntryPoint\",\"urlTemplate\":\"https:\/\/www.driadedeitrulli.it\/?s={search_term_string}\"},\"query-input\":{\"@type\":\"PropertyValueSpecification\",\"valueRequired\":true,\"valueName\":\"search_term_string\"}}],\"inLanguage\":\"fr-FR\"},{\"@type\":\"Organization\",\"@id\":\"https:\/\/www.driadedeitrulli.it\/#organization\",\"name\":\"Driade dei Trulli\",\"url\":\"https:\/\/www.driadedeitrulli.it\/\",\"logo\":{\"@type\":\"ImageObject\",\"inLanguage\":\"fr-FR\",\"@id\":\"https:\/\/www.driadedeitrulli.it\/#\/schema\/logo\/image\/\",\"url\":\"https:\/\/www.driadedeitrulli.it\/wp-content\/uploads\/2020\/10\/logo-vettoriale-driade-edit-edit-e1602492256535.png\",\"contentUrl\":\"https:\/\/www.driadedeitrulli.it\/wp-content\/uploads\/2020\/10\/logo-vettoriale-driade-edit-edit-e1602492256535.png\",\"width\":120,\"height\":120,\"caption\":\"Driade dei Trulli\"},\"image\":{\"@id\":\"https:\/\/www.driadedeitrulli.it\/#\/schema\/logo\/image\/\"},\"sameAs\":[\"https:\/\/it-it.facebook.com\/insalatamarica\/\",\"https:\/\/www.instagram.com\/guesthouse_driadedeitrulli\/\"]}]}<\/script>\n<!-- \/ Yoast SEO plugin. -->","yoast_head_json":{"title":"Savoir o\u00f9 nous trouver| Driade dei Trulli","description":"Savoir o\u00f9 nous trouver: l\u2019appartement donne sur Corso Vittorio Emanuele, le boulevard principal de Alberobello, riche en boutiques, bars et restaurants.","robots":{"index":"index","follow":"follow","max-snippet":"max-snippet:-1","max-image-preview":"max-image-preview:large","max-video-preview":"max-video-preview:-1"},"canonical":"https:\/\/www.driadedeitrulli.it\/scopri-dove-trovarci\/","og_locale":"fr_FR","og_type":"article","og_title":"Savoir o\u00f9 nous trouver| Driade dei Trulli","og_description":"Savoir o\u00f9 nous trouver: l\u2019appartement donne sur Corso Vittorio Emanuele, le boulevard principal de Alberobello, riche en boutiques, bars et restaurants.","og_url":"https:\/\/www.driadedeitrulli.it\/scopri-dove-trovarci\/","og_site_name":"Driade dei Trulli","article_publisher":"https:\/\/it-it.facebook.com\/insalatamarica\/","article_modified_time":"2022-05-16T09:23:43+00:00","twitter_card":"summary_large_image","twitter_misc":{"Dur\u00e9e de lecture estim\u00e9e":"1 minute"},"schema":{"@context":"https:\/\/schema.org","@graph":[{"@type":"WebPage","@id":"https:\/\/www.driadedeitrulli.it\/scopri-dove-trovarci\/","url":"https:\/\/www.driadedeitrulli.it\/scopri-dove-trovarci\/","name":"Savoir o\u00f9 nous trouver| Driade dei Trulli","isPartOf":{"@id":"https:\/\/www.driadedeitrulli.it\/#website"},"datePublished":"2019-08-07T15:54:32+00:00","dateModified":"2022-05-16T09:23:43+00:00","description":"Savoir o\u00f9 nous trouver: l\u2019appartement donne sur Corso Vittorio Emanuele, le boulevard principal de Alberobello, riche en boutiques, bars et restaurants.","breadcrumb":{"@id":"https:\/\/www.driadedeitrulli.it\/scopri-dove-trovarci\/#breadcrumb"},"inLanguage":"fr-FR","potentialAction":[{"@type":"ReadAction","target":["https:\/\/www.driadedeitrulli.it\/scopri-dove-trovarci\/"]}]},{"@type":"BreadcrumbList","@id":"https:\/\/www.driadedeitrulli.it\/scopri-dove-trovarci\/#breadcrumb","itemListElement":[{"@type":"ListItem","position":1,"name":"Home","item":"https:\/\/www.driadedeitrulli.it\/fr\/"},{"@type":"ListItem","position":2,"name":"O\u00f9 sommes-nous"}]},{"@type":"WebSite","@id":"https:\/\/www.driadedeitrulli.it\/#website","url":"https:\/\/www.driadedeitrulli.it\/","name":"Driade dei Trulli","description":"Guest House in Puglia","publisher":{"@id":"https:\/\/www.driadedeitrulli.it\/#organization"},"potentialAction":[{"@type":"SearchAction","target":{"@type":"EntryPoint","urlTemplate":"https:\/\/www.driadedeitrulli.it\/?s={search_term_string}"},"query-input":{"@type":"PropertyValueSpecification","valueRequired":true,"valueName":"search_term_string"}}],"inLanguage":"fr-FR"},{"@type":"Organization","@id":"https:\/\/www.driadedeitrulli.it\/#organization","name":"Driade dei Trulli","url":"https:\/\/www.driadedeitrulli.it\/","logo":{"@type":"ImageObject","inLanguage":"fr-FR","@id":"https:\/\/www.driadedeitrulli.it\/#\/schema\/logo\/image\/","url":"https:\/\/www.driadedeitrulli.it\/wp-content\/uploads\/2020\/10\/logo-vettoriale-driade-edit-edit-e1602492256535.png","contentUrl":"https:\/\/www.driadedeitrulli.it\/wp-content\/uploads\/2020\/10\/logo-vettoriale-driade-edit-edit-e1602492256535.png","width":120,"height":120,"caption":"Driade dei Trulli"},"image":{"@id":"https:\/\/www.driadedeitrulli.it\/#\/schema\/logo\/image\/"},"sameAs":["https:\/\/it-it.facebook.com\/insalatamarica\/","https:\/\/www.instagram.com\/guesthouse_driadedeitrulli\/"]}]}},"_links":{"self":[{"href":"https:\/\/www.driadedeitrulli.it\/fr\/wp-json\/wp\/v2\/pages\/18479","targetHints":{"allow":["GET"]}}],"collection":[{"href":"https:\/\/www.driadedeitrulli.it\/fr\/wp-json\/wp\/v2\/pages"}],"about":[{"href":"https:\/\/www.driadedeitrulli.it\/fr\/wp-json\/wp\/v2\/types\/page"}],"author":[{"embeddable":true,"href":"https:\/\/www.driadedeitrulli.it\/fr\/wp-json\/wp\/v2\/users\/1"}],"replies":[{"embeddable":true,"href":"https:\/\/www.driadedeitrulli.it\/fr\/wp-json\/wp\/v2\/comments?post=18479"}],"version-history":[{"count":8,"href":"https:\/\/www.driadedeitrulli.it\/fr\/wp-json\/wp\/v2\/pages\/18479\/revisions"}],"predecessor-version":[{"id":19279,"href":"https:\/\/www.driadedeitrulli.it\/fr\/wp-json\/wp\/v2\/pages\/18479\/revisions\/19279"}],"wp:attachment":[{"href":"https:\/\/www.driadedeitrulli.it\/fr\/wp-json\/wp\/v2\/media?parent=18479"}],"curies":[{"name":"wp","href":"https:\/\/api.w.org\/{rel}","templated":true}]}}