{"id":18580,"date":"2020-07-31T10:28:35","date_gmt":"2020-07-31T08:28:35","guid":{"rendered":"https:\/\/www.driadedeitrulli.it\/visite-guidate\/"},"modified":"2026-02-25T13:33:41","modified_gmt":"2026-02-25T12:33:41","slug":"visites-guidees","status":"publish","type":"page","link":"https:\/\/www.driadedeitrulli.it\/fr\/visites-guidees\/","title":{"rendered":"Visites guid\u00e9es"},"content":{"rendered":"<p>[vc_row][vc_column][\/vc_column][\/vc_row][vc_row][vc_column width=\u00a0\u00bb1\/2&Prime;][vc_empty_space height=\u00a0\u00bb25px\u00a0\u00bb]<div class=\"sohohotel-title1 sohohotel-title-color\"><h1>Tour de Alberobello<\/h1><h3><\/h3><\/div>[vc_column_text]<\/p>\n<p style=\"text-align: center;\">Visite guid\u00e9e d&rsquo;Alberobello et de ses trulli, site class\u00e9 au patrimoine mondial de l&rsquo;UNESCO depuis 1996, lieu unique au monde, \u00e0 la d\u00e9couverte de ses quartiers anciens, avec des arr\u00eats pour prendre quelques photos dans des coins pittoresques, une v\u00e9ritable exp\u00e9rience immersive parmi les sons et les parfums du lieu.<\/p>\n<p style=\"text-align: center;\">Itin\u00e9raire personnalis\u00e9 en fonction de votre demande, un voyage dans le temps pour d\u00e9couvrir l&rsquo;histoire, les traditions et la culture gastronomique locale.<\/p>\n<p style=\"text-align: center;\">Vivez Alberobello non seulement comme un touriste&#8230;<\/p>\n<p style=\"text-align: center;\">&#8230;mais comme un invit\u00e9 sp\u00e9cial&#8230;\u00a0\u00bbcomme chez vous loin de chez vous\u00a0\u00bb.<\/p>\n<p style=\"text-align: center;\">Visite guid\u00e9e d&rsquo;environ 1 h 30.<\/p>\n<p style=\"text-align: center;\">D\u00e9part de Piazzale Miraglia*.<\/p>\n<p style=\"text-align: center;\">*Parking dans la Via Indipendenza, \u00e0 l&rsquo;entr\u00e9e du centre historique.<\/p>\n<p>\u00a0[\/vc_column_text][vc_btn title=\u00a0\u00bbR\u00c9SERVEZ MAINTENANT\u00a0\u00bb style=\u00a0\u00bboutline-custom\u00a0\u00bb outline_custom_color=\u00a0\u00bb#0babbe\u00a0\u00bb outline_custom_hover_background=\u00a0\u00bb#0babbe\u00a0\u00bb outline_custom_hover_text=\u00a0\u00bb#ffffff\u00a0\u00bb align=\u00a0\u00bbcenter\u00a0\u00bb link=\u00a0\u00bburl:https%3A%2F%2Fwa.link%2F6hismh||target:%20_blank|\u00a0\u00bb][\/vc_column][vc_column width=\u00a0\u00bb1\/2&Prime;][vc_single_image image=\u00a0\u00bb17601&Prime; img_size=\u00a0\u00bbfull\u00a0\u00bb][\/vc_column][\/vc_row][vc_row][vc_column width=\u00a0\u00bb1\/2&Prime;][vc_single_image image=\u00a0\u00bb17604&Prime; img_size=\u00a0\u00bbfull\u00a0\u00bb][\/vc_column][vc_column width=\u00a0\u00bb1\/2&Prime;][vc_empty_space height=\u00a0\u00bb25px\u00a0\u00bb]<div class=\"sohohotel-title1 sohohotel-title-color\"><h1>Tour de Polignano a Mare<\/h1><h3><\/h3><\/div>[vc_column_text]<\/p>\n<p style=\"text-align: center;\">Visite guid\u00e9e de Polignano a Mare, ville d&rsquo;origine de Domenico Modugno, le plus grand chanteur-compositeur italien et vainqueur du Festival de Sanremo dans les ann\u00e9es &rsquo;50, avec la chanson \u00ab\u00a0Volare, nel blu dipinto di blu\u00a0\u00bb.<\/p>\n<p style=\"text-align: center;\">Visite du centre historique, de la place du march\u00e9 et l&rsquo;\u00e9glise de Sainte Marie de l&rsquo;Assomption, halte sur les terrasses panoramiques qui donnent sur Cala Ponte et Place Domenico Modugno, pour d\u00e9couvrir l&rsquo;histoire de la musique italienne.<\/p>\n<p style=\"text-align: center;\">On va terminer la visite devant un bar historique o\u00f9 il est possible go\u00fbter le c\u00e9l\u00e8bre \u00ab\u00a0caf\u00e9 sp\u00e9ciale\u00a0\u00bb, pour les amateurs de saveurs.<\/p>\n<p style=\"text-align: center;\">Visite guid\u00e9e d&rsquo;environ 1 h 30.<\/p>\n<p style=\"text-align: center;\">D\u00e9part de l&rsquo;Arco Marchesale.<\/p>\n<p>\u00a0[\/vc_column_text][vc_btn title=\u00a0\u00bbR\u00c9SERVEZ MAINTENANT\u00a0\u00bb style=\u00a0\u00bboutline-custom\u00a0\u00bb outline_custom_color=\u00a0\u00bb#0babbe\u00a0\u00bb outline_custom_hover_background=\u00a0\u00bb#0babbe\u00a0\u00bb outline_custom_hover_text=\u00a0\u00bb#ffffff\u00a0\u00bb align=\u00a0\u00bbcenter\u00a0\u00bb link=\u00a0\u00bburl:https%3A%2F%2Fwa.link%2F6hismh||target:%20_blank|\u00a0\u00bb][\/vc_column][\/vc_row][vc_row][vc_column width=\u00a0\u00bb1\/2&Prime;][vc_empty_space height=\u00a0\u00bb25px\u00a0\u00bb]<div class=\"sohohotel-title1 sohohotel-title-color\"><h1>Tour de Bari Vecchia<\/h1><h3><\/h3><\/div>[vc_column_text]<\/p>\n<h6 style=\"text-align: center; font-size: 18px;\">Visite guid\u00e9 d&rsquo;environ 2 h 30.<br \/>\nD\u00e9part du Ch<span lang=\"fr\">\u00e2<\/span>teau Souabe.<br \/>\nVisite de la Cath\u00e9drale de Saint Sabin, de la Basilique de Saint Nicolas, Strada Palazzo di Citt\u00e0 et ses habitations avec les typiques fa\u00e7ades de la Renaissance, Place Merchande et Palais du Si\u00e8ge, Colonne Inf\u00e2me et Quai Saint Antoine.<\/h6>\n<p>[\/vc_column_text][vc_btn title=\u00a0\u00bbR\u00c9SERVEZ MAINTENANT\u00a0\u00bb style=\u00a0\u00bboutline-custom\u00a0\u00bb outline_custom_color=\u00a0\u00bb#0babbe\u00a0\u00bb outline_custom_hover_background=\u00a0\u00bb#0babbe\u00a0\u00bb outline_custom_hover_text=\u00a0\u00bb#ffffff\u00a0\u00bb align=\u00a0\u00bbcenter\u00a0\u00bb link=\u00a0\u00bburl:https%3A%2F%2Fwa.link%2F6hismh||target:%20_blank|\u00a0\u00bb][\/vc_column][vc_column width=\u00a0\u00bb1\/2&Prime;][vc_single_image image=\u00a0\u00bb17610&Prime; img_size=\u00a0\u00bbfull\u00a0\u00bb][\/vc_column][\/vc_row][vc_row][vc_column width=\u00a0\u00bb1\/2&Prime;][vc_single_image image=\u00a0\u00bb17958&Prime; img_size=\u00a0\u00bbfull\u00a0\u00bb][\/vc_column][vc_column width=\u00a0\u00bb1\/2&Prime;][vc_empty_space height=\u00a0\u00bb25px\u00a0\u00bb]<div class=\"sohohotel-title1 sohohotel-title-color\"><h1>Tour de Monopoli<\/h1><h3><\/h3><\/div>[vc_column_text]<\/p>\n<h6 style=\"font-size: 18px; text-align: center;\">Visite guid\u00e9e d&rsquo;environ 2 h.<br \/>\nD\u00e9part de Place Venise.<br \/>\nVisite du centre historique, du Ch<span lang=\"fr\">\u00e2teau<\/span>, de la Muraille, de l&rsquo;Eglise du Purgatoire et de la Cath\u00e9drale.<\/h6>\n<p>[\/vc_column_text][vc_btn title=\u00a0\u00bbR\u00c9SERVEZ MAINTENANT\u00a0\u00bb style=\u00a0\u00bboutline-custom\u00a0\u00bb outline_custom_color=\u00a0\u00bb#0babbe\u00a0\u00bb outline_custom_hover_background=\u00a0\u00bb#0babbe\u00a0\u00bb outline_custom_hover_text=\u00a0\u00bb#ffffff\u00a0\u00bb align=\u00a0\u00bbcenter\u00a0\u00bb link=\u00a0\u00bburl:https%3A%2F%2Fwa.link%2F6hismh||target:%20_blank|\u00a0\u00bb][\/vc_column][\/vc_row][vc_row][vc_column][vc_separator color=\u00a0\u00bbcustom\u00a0\u00bb align=\u00a0\u00bbalign_left\u00a0\u00bb el_width=\u00a0\u00bb50&Prime; accent_color=\u00a0\u00bb#0babbe\u00a0\u00bb][vc_raw_html]JTNDZGl2JTIwc3R5bGUlM0QlMjJ3aWR0aCUzQSUyMDEwMCUyNSUzQiUyMHBhZGRpbmclM0ElMjAxNXB4JTNCJTIwbWFyZ2luLWJvdHRvbSUzQSUyMDUwcHglM0IlMjIlM0UlMEElMEElM0NzcGFuJTIwY2xhc3MlM0QlMjJzb2hvaG90ZWwtb3Blbi1xdW90ZSUyMiUyMHN0eWxlJTNEJTIyZm9udC1zaXplJTNBJTIwMTAwcHglM0IlMjBwb3NpdGlvbiUzQSUyMGFic29sdXRlJTNCJTIwbGVmdCUzQSUyMDBweCUzQiUyMiUzRSVFMiU4MCU5QyUzQyUyRnNwYW4lM0UlMEElM0NwJTIwc3R5bGUlM0QlMjJmb250LXdlaWdodCUzQSUyMGJvbGQlM0IlMjB0ZXh0LWFsaWduJTNBJTIwY2VudGVyJTNCZm9udC1zaXplJTNBJTIwMTlweCUzQiUyMiUzRU1pJTIwc3ZlZ2xpbyUyMGUlMjB2ZWRvJTIwdW4lMjBwYWVzZSUyMGRpJTIwc29nbm8lMkMlMjBjb21lJTIwc2UlMjBkb3JtaXNzaSUyMHR1dHRhdmlhLiUzQ2JyJTNFJTBBJTNDc3BhbiUyMHN0eWxlJTNEJTIyZm9udC1zaXplJTNBMTVweCUzQmNvbG9yJTNBJTIzMGJhYmJlJTNCJTIyJTNFR2FicmllbGUlMjBEJTI3QW5udW56aW8lM0MlMkZzcGFuJTNFJTNDJTJGcCUzRSUwQSUzQ3NwYW4lMjBjbGFzcyUzRCUyMnNvaG9ob3RlbC1jbG9zZS1xdW90ZSUyMiUyMHN0eWxlJTNEJTIyZm9udC1zaXplJTNBJTIwMTAwcHglM0IlMjBwb3NpdGlvbiUzQSUyMGFic29sdXRlJTNCJTIwcmlnaHQlM0ElMjAwcHglM0IlMjIlM0UlRTIlODAlOUMlM0MlMkZzcGFuJTNFJTBBJTBBJTNDJTJGZGl2JTNF[\/vc_raw_html][vc_separator color=\u00a0\u00bbcustom\u00a0\u00bb align=\u00a0\u00bbalign_right\u00a0\u00bb el_width=\u00a0\u00bb50&Prime; accent_color=\u00a0\u00bb#0babbe\u00a0\u00bb][\/vc_column][\/vc_row][vc_row][vc_column][\/vc_column][\/vc_row]<\/p>\n","protected":false},"excerpt":{"rendered":"<p>[vc_row][vc_column][\/vc_column][\/vc_row][vc_row][vc_column width=\u00a0\u00bb1\/2&Prime;][vc_empty_space height=\u00a0\u00bb25px\u00a0\u00bb][vc_column_text] Visite guid\u00e9e d&rsquo;Alberobello et de ses trulli, site class\u00e9 au patrimoine mondial de l&rsquo;UNESCO depuis 1996, lieu unique au monde, \u00e0 la d\u00e9couverte de ses quartiers anciens, avec des arr\u00eats pour prendre quelques photos dans des coins pittoresques, une v\u00e9ritable exp\u00e9rience immersive parmi les sons et les parfums du lieu. Itin\u00e9raire personnalis\u00e9<\/p>\n<a href=\"https:\/\/www.driadedeitrulli.it\/fr\/visites-guidees\/\" class=\"sohohotel-more-link\">Read More<i class=\"fa fa-angle-right\"><\/i><\/a>","protected":false},"author":1,"featured_media":0,"parent":0,"menu_order":0,"comment_status":"closed","ping_status":"closed","template":"","meta":{"_joinchat":[],"footnotes":""},"class_list":["post-18580","page","type-page","status-publish","hentry"],"yoast_head":"<!-- This site is optimized with the Yoast SEO plugin v26.4 - https:\/\/yoast.com\/wordpress\/plugins\/seo\/ -->\n<title>Explorer les Pouilles | Driade dei Trulli<\/title>\n<meta name=\"description\" content=\"Explorer les Pouilles : apprenez \u00e0 mieux conna\u00eetre les Pouilles, ses anciennes traditions. D\u00e9couvrez Alberobello, Monopoli, Polignano a Mare.\" \/>\n<meta name=\"robots\" content=\"index, follow, max-snippet:-1, max-image-preview:large, max-video-preview:-1\" \/>\n<link rel=\"canonical\" href=\"https:\/\/www.driadedeitrulli.it\/fr\/visites-guidees\/\" \/>\n<meta property=\"og:locale\" content=\"fr_FR\" \/>\n<meta property=\"og:type\" content=\"article\" \/>\n<meta property=\"og:title\" content=\"Explorer les Pouilles | Driade dei Trulli\" \/>\n<meta property=\"og:description\" content=\"Explorer les Pouilles : apprenez \u00e0 mieux conna\u00eetre les Pouilles, ses anciennes traditions. D\u00e9couvrez Alberobello, Monopoli, Polignano a Mare.\" \/>\n<meta property=\"og:url\" content=\"https:\/\/www.driadedeitrulli.it\/fr\/visites-guidees\/\" \/>\n<meta property=\"og:site_name\" content=\"Driade dei Trulli\" \/>\n<meta property=\"article:publisher\" content=\"https:\/\/it-it.facebook.com\/insalatamarica\/\" \/>\n<meta property=\"article:modified_time\" content=\"2026-02-25T12:33:41+00:00\" \/>\n<meta name=\"twitter:card\" content=\"summary_large_image\" \/>\n<meta name=\"twitter:label1\" content=\"Dur\u00e9e de lecture estim\u00e9e\" \/>\n\t<meta name=\"twitter:data1\" content=\"2 minutes\" \/>\n<script type=\"application\/ld+json\" class=\"yoast-schema-graph\">{\"@context\":\"https:\/\/schema.org\",\"@graph\":[{\"@type\":\"WebPage\",\"@id\":\"https:\/\/www.driadedeitrulli.it\/fr\/visites-guidees\/\",\"url\":\"https:\/\/www.driadedeitrulli.it\/fr\/visites-guidees\/\",\"name\":\"Explorer les Pouilles | Driade dei Trulli\",\"isPartOf\":{\"@id\":\"https:\/\/www.driadedeitrulli.it\/#website\"},\"datePublished\":\"2020-07-31T08:28:35+00:00\",\"dateModified\":\"2026-02-25T12:33:41+00:00\",\"description\":\"Explorer les Pouilles : apprenez \u00e0 mieux conna\u00eetre les Pouilles, ses anciennes traditions. D\u00e9couvrez Alberobello, Monopoli, Polignano a Mare.\",\"breadcrumb\":{\"@id\":\"https:\/\/www.driadedeitrulli.it\/fr\/visites-guidees\/#breadcrumb\"},\"inLanguage\":\"fr-FR\",\"potentialAction\":[{\"@type\":\"ReadAction\",\"target\":[\"https:\/\/www.driadedeitrulli.it\/fr\/visites-guidees\/\"]}]},{\"@type\":\"BreadcrumbList\",\"@id\":\"https:\/\/www.driadedeitrulli.it\/fr\/visites-guidees\/#breadcrumb\",\"itemListElement\":[{\"@type\":\"ListItem\",\"position\":1,\"name\":\"Home\",\"item\":\"https:\/\/www.driadedeitrulli.it\/fr\/\"},{\"@type\":\"ListItem\",\"position\":2,\"name\":\"Visites guid\u00e9es\"}]},{\"@type\":\"WebSite\",\"@id\":\"https:\/\/www.driadedeitrulli.it\/#website\",\"url\":\"https:\/\/www.driadedeitrulli.it\/\",\"name\":\"Driade dei Trulli\",\"description\":\"Guest House in Puglia\",\"publisher\":{\"@id\":\"https:\/\/www.driadedeitrulli.it\/#organization\"},\"potentialAction\":[{\"@type\":\"SearchAction\",\"target\":{\"@type\":\"EntryPoint\",\"urlTemplate\":\"https:\/\/www.driadedeitrulli.it\/?s={search_term_string}\"},\"query-input\":{\"@type\":\"PropertyValueSpecification\",\"valueRequired\":true,\"valueName\":\"search_term_string\"}}],\"inLanguage\":\"fr-FR\"},{\"@type\":\"Organization\",\"@id\":\"https:\/\/www.driadedeitrulli.it\/#organization\",\"name\":\"Driade dei Trulli\",\"url\":\"https:\/\/www.driadedeitrulli.it\/\",\"logo\":{\"@type\":\"ImageObject\",\"inLanguage\":\"fr-FR\",\"@id\":\"https:\/\/www.driadedeitrulli.it\/#\/schema\/logo\/image\/\",\"url\":\"https:\/\/www.driadedeitrulli.it\/wp-content\/uploads\/2020\/10\/logo-vettoriale-driade-edit-edit-e1602492256535.png\",\"contentUrl\":\"https:\/\/www.driadedeitrulli.it\/wp-content\/uploads\/2020\/10\/logo-vettoriale-driade-edit-edit-e1602492256535.png\",\"width\":120,\"height\":120,\"caption\":\"Driade dei Trulli\"},\"image\":{\"@id\":\"https:\/\/www.driadedeitrulli.it\/#\/schema\/logo\/image\/\"},\"sameAs\":[\"https:\/\/it-it.facebook.com\/insalatamarica\/\",\"https:\/\/www.instagram.com\/guesthouse_driadedeitrulli\/\"]}]}<\/script>\n<!-- \/ Yoast SEO plugin. -->","yoast_head_json":{"title":"Explorer les Pouilles | Driade dei Trulli","description":"Explorer les Pouilles : apprenez \u00e0 mieux conna\u00eetre les Pouilles, ses anciennes traditions. D\u00e9couvrez Alberobello, Monopoli, Polignano a Mare.","robots":{"index":"index","follow":"follow","max-snippet":"max-snippet:-1","max-image-preview":"max-image-preview:large","max-video-preview":"max-video-preview:-1"},"canonical":"https:\/\/www.driadedeitrulli.it\/fr\/visites-guidees\/","og_locale":"fr_FR","og_type":"article","og_title":"Explorer les Pouilles | Driade dei Trulli","og_description":"Explorer les Pouilles : apprenez \u00e0 mieux conna\u00eetre les Pouilles, ses anciennes traditions. D\u00e9couvrez Alberobello, Monopoli, Polignano a Mare.","og_url":"https:\/\/www.driadedeitrulli.it\/fr\/visites-guidees\/","og_site_name":"Driade dei Trulli","article_publisher":"https:\/\/it-it.facebook.com\/insalatamarica\/","article_modified_time":"2026-02-25T12:33:41+00:00","twitter_card":"summary_large_image","twitter_misc":{"Dur\u00e9e de lecture estim\u00e9e":"2 minutes"},"schema":{"@context":"https:\/\/schema.org","@graph":[{"@type":"WebPage","@id":"https:\/\/www.driadedeitrulli.it\/fr\/visites-guidees\/","url":"https:\/\/www.driadedeitrulli.it\/fr\/visites-guidees\/","name":"Explorer les Pouilles | Driade dei Trulli","isPartOf":{"@id":"https:\/\/www.driadedeitrulli.it\/#website"},"datePublished":"2020-07-31T08:28:35+00:00","dateModified":"2026-02-25T12:33:41+00:00","description":"Explorer les Pouilles : apprenez \u00e0 mieux conna\u00eetre les Pouilles, ses anciennes traditions. D\u00e9couvrez Alberobello, Monopoli, Polignano a Mare.","breadcrumb":{"@id":"https:\/\/www.driadedeitrulli.it\/fr\/visites-guidees\/#breadcrumb"},"inLanguage":"fr-FR","potentialAction":[{"@type":"ReadAction","target":["https:\/\/www.driadedeitrulli.it\/fr\/visites-guidees\/"]}]},{"@type":"BreadcrumbList","@id":"https:\/\/www.driadedeitrulli.it\/fr\/visites-guidees\/#breadcrumb","itemListElement":[{"@type":"ListItem","position":1,"name":"Home","item":"https:\/\/www.driadedeitrulli.it\/fr\/"},{"@type":"ListItem","position":2,"name":"Visites guid\u00e9es"}]},{"@type":"WebSite","@id":"https:\/\/www.driadedeitrulli.it\/#website","url":"https:\/\/www.driadedeitrulli.it\/","name":"Driade dei Trulli","description":"Guest House in Puglia","publisher":{"@id":"https:\/\/www.driadedeitrulli.it\/#organization"},"potentialAction":[{"@type":"SearchAction","target":{"@type":"EntryPoint","urlTemplate":"https:\/\/www.driadedeitrulli.it\/?s={search_term_string}"},"query-input":{"@type":"PropertyValueSpecification","valueRequired":true,"valueName":"search_term_string"}}],"inLanguage":"fr-FR"},{"@type":"Organization","@id":"https:\/\/www.driadedeitrulli.it\/#organization","name":"Driade dei Trulli","url":"https:\/\/www.driadedeitrulli.it\/","logo":{"@type":"ImageObject","inLanguage":"fr-FR","@id":"https:\/\/www.driadedeitrulli.it\/#\/schema\/logo\/image\/","url":"https:\/\/www.driadedeitrulli.it\/wp-content\/uploads\/2020\/10\/logo-vettoriale-driade-edit-edit-e1602492256535.png","contentUrl":"https:\/\/www.driadedeitrulli.it\/wp-content\/uploads\/2020\/10\/logo-vettoriale-driade-edit-edit-e1602492256535.png","width":120,"height":120,"caption":"Driade dei Trulli"},"image":{"@id":"https:\/\/www.driadedeitrulli.it\/#\/schema\/logo\/image\/"},"sameAs":["https:\/\/it-it.facebook.com\/insalatamarica\/","https:\/\/www.instagram.com\/guesthouse_driadedeitrulli\/"]}]}},"_links":{"self":[{"href":"https:\/\/www.driadedeitrulli.it\/fr\/wp-json\/wp\/v2\/pages\/18580","targetHints":{"allow":["GET"]}}],"collection":[{"href":"https:\/\/www.driadedeitrulli.it\/fr\/wp-json\/wp\/v2\/pages"}],"about":[{"href":"https:\/\/www.driadedeitrulli.it\/fr\/wp-json\/wp\/v2\/types\/page"}],"author":[{"embeddable":true,"href":"https:\/\/www.driadedeitrulli.it\/fr\/wp-json\/wp\/v2\/users\/1"}],"replies":[{"embeddable":true,"href":"https:\/\/www.driadedeitrulli.it\/fr\/wp-json\/wp\/v2\/comments?post=18580"}],"version-history":[{"count":12,"href":"https:\/\/www.driadedeitrulli.it\/fr\/wp-json\/wp\/v2\/pages\/18580\/revisions"}],"predecessor-version":[{"id":18717,"href":"https:\/\/www.driadedeitrulli.it\/fr\/wp-json\/wp\/v2\/pages\/18580\/revisions\/18717"}],"wp:attachment":[{"href":"https:\/\/www.driadedeitrulli.it\/fr\/wp-json\/wp\/v2\/media?parent=18580"}],"curies":[{"name":"wp","href":"https:\/\/api.w.org\/{rel}","templated":true}]}}